{"id":240,"date":"2024-04-16T08:01:40","date_gmt":"2024-04-16T08:01:40","guid":{"rendered":"https:\/\/cokaclub.it\/?page_id=240"},"modified":"2026-05-01T18:34:09","modified_gmt":"2026-05-01T18:34:09","slug":"240-2","status":"publish","type":"page","link":"https:\/\/cokaclub.it\/","title":{"rendered":"Home"},"content":{"rendered":"\t\t<div data-elementor-type=\"wp-page\" data-elementor-id=\"240\" class=\"elementor elementor-240\">\n\t\t\t\t<div class=\"elementor-element elementor-element-8473591 e-flex e-con-boxed e-con e-parent\" data-id=\"8473591\" data-element_type=\"container\">\n\t\t\t\t\t<div class=\"e-con-inner\">\n\t\t\t\t<div class=\"elementor-element elementor-element-130ee69c elementor-widget elementor-widget-text-editor\" data-id=\"130ee69c\" data-element_type=\"widget\" data-widget_type=\"text-editor.default\">\n\t\t\t\t<div class=\"elementor-widget-container\">\n\t\t\t\t\t\t\t\t\t<hr class=\"wp-block-separator alignfull has-text-color has-custom-rosa-color has-alpha-channel-opacity has-custom-rosa-background-color has-background is-style-default\" style=\"margin-top: 0; margin-bottom: 0;\" \/>\n<div class=\"wp-block-cover alignfull wp-duotone-unset-4\" style=\"margin-top: 0; margin-bottom: 0; min-height: 100vh;aspect-ratio:unset;\"><video class=\"wp-block-cover__video-background intrinsic-ignore\" src=\"https:\/\/cokaclub.it\/wp-content\/uploads\/2024\/04\/Video-senza-titolo-Realizzato-con-Clipchamp.mp4\" autoplay=\"autoplay\" loop=\"loop\" muted=\"\" width=\"300\" height=\"150\" data-object-fit=\"cover\"><\/video>\n<div class=\"wp-block-cover__inner-container is-layout-flow wp-block-cover-is-layout-flow\">\n<h1 class=\"wp-block-heading has-text-align-center is-style-default has-custom-color-2-color has-text-color has-link-color has-xx-large-font-size wp-elements-674f280548c99222b89fcd5d14174c8b\" style=\"font-style: normal; font-weight: 200; writing-mode: horizontal-tb;\"><em>Sun is life<\/em><\/h1>\n\n<div class=\"wp-block-buttons has-custom-font-size has-small-font-size is-content-justification-center is-layout-flex wp-container-core-buttons-is-layout-2 wp-block-buttons-is-layout-flex\" style=\"margin-top: var(--wp--preset--spacing--10); margin-bottom: var(--wp--preset--spacing--10);\">\n<div class=\"wp-block-button has-custom-font-size is-style-outline is-style-outline--3\" style=\"font-size:clamp(1.198rem, 1.198rem + ((1vw - 0.2rem) * 1.17), 1.9rem);\"><a class=\"wp-block-button__link has-custom-color-2-color has-text-color has-link-color has-border-color has-custom-rosa-border-color has-text-align-center wp-element-button\" style=\"border-width: 3px; border-radius: 15px; padding: 0.6rem 69px 0.6rem 69px;\" href=\"https:\/\/test.cokaclub.it\/?page_id=145379\">Prenota<\/a><\/div>\n<\/div>\n<\/div>\n<\/div>\n<hr class=\"wp-block-separator alignfull has-text-color has-custom-rosa-color has-alpha-channel-opacity has-custom-rosa-background-color has-background is-style-default\" style=\"margin-top: 0; margin-bottom: 0;\" \/>\n<div class=\"wp-block-media-text alignfull is-stacked-on-mobile is-vertically-aligned-center is-image-fill-element has-custom-color-2-background-color has-background\" style=\"margin-top: 0; margin-bottom: 0;\">\n<figure class=\"wp-block-media-text__media\"><img fetchpriority=\"high\" decoding=\"async\" width=\"1024\" height=\"674\" class=\"wp-image-477 size-full\" style=\"object-position: 45% 52%;\" src=\"https:\/\/cokaclub.it\/wp-content\/uploads\/2024\/07\/lettino-alta-matrimoniale-1024x674.jpg\" alt=\"\" srcset=\"https:\/\/cokaclub.it\/wp-content\/uploads\/2024\/07\/lettino-alta-matrimoniale-1024x674.jpg 1024w, https:\/\/cokaclub.it\/wp-content\/uploads\/2024\/07\/lettino-alta-matrimoniale-300x198.jpg 300w, https:\/\/cokaclub.it\/wp-content\/uploads\/2024\/07\/lettino-alta-matrimoniale-768x506.jpg 768w, https:\/\/cokaclub.it\/wp-content\/uploads\/2024\/07\/lettino-alta-matrimoniale.jpg 1080w\" sizes=\"(max-width: 1024px) 100vw, 1024px\" \/><\/figure>\n<div class=\"wp-block-media-text__content\">\n<h2 class=\"wp-block-heading has-text-align-center has-custom-blu-color has-text-color has-link-color wp-elements-656672c0900c0b8e0547f03b628c33d7\">Alta Pressione<\/h2>\n<hr class=\"wp-block-separator alignfull has-text-color has-custom-rosa-color has-alpha-channel-opacity has-custom-rosa-background-color has-background is-style-wide\" style=\"margin-top: 0; margin-bottom: 0;\" \/>\n<ul class=\"wp-block-list has-custom-blu-color has-text-color has-link-color wp-elements-86a74c996e905caf128ead7e2f88d394\">\n<li>Maggiore quantit\u00e0 raggi UVA<\/li>\n\n<li>Abbronza la melanina gi\u00e0 presente nella zona pi\u00f9 superficiale della pelle<\/li>\n\n<li>Abbronzatura pi\u00f9 immediata ma meno duratura nel tempo<\/li>\n<\/ul>\n<\/div>\n<\/div>\n<hr class=\"wp-block-separator alignfull has-text-color has-custom-rosa-color has-alpha-channel-opacity has-custom-rosa-background-color has-background is-style-default\" style=\"margin-top: 0; margin-bottom: 0;\" \/>\n<div class=\"wp-block-media-text alignfull has-media-on-the-right is-stacked-on-mobile is-vertically-aligned-center is-image-fill-element has-custom-color-2-background-color has-background\" style=\"margin-top: 0; margin-bottom: 0;\">\n<div class=\"wp-block-media-text__content\">\n<h2 class=\"wp-block-heading has-text-align-center has-custom-blu-color has-text-color has-link-color wp-elements-239566c5a9585b1308e3dea627c2f383\">Bassa Pressione<\/h2>\n<hr class=\"wp-block-separator alignfull has-text-color has-custom-rosa-color has-alpha-channel-opacity has-custom-rosa-background-color has-background is-style-wide\" style=\"margin-top: 0; margin-bottom: 0;\" \/>\n<ul class=\"wp-block-list has-custom-blu-color has-text-color has-link-color wp-elements-16b324d2c0e79018bbe8ab67a7cbf839\">\n<li>Aumenta il livello di melanina della pelle<\/li>\n\n<li>Percorso di abbronzatura con alcune sedute iniziali ravvicinate<\/li>\n\n<li>Ideale per il mantenimento dell\u2019abbronzatura<\/li>\n<\/ul>\n<\/div>\n<figure class=\"wp-block-media-text__media\"><img decoding=\"async\" width=\"1024\" height=\"626\" class=\"wp-image-481 size-full\" style=\"object-position: 50% 50%;\" src=\"https:\/\/cokaclub.it\/wp-content\/uploads\/2024\/07\/esempio-foto-bassa-press-1024x626.jpg\" alt=\"\" srcset=\"https:\/\/cokaclub.it\/wp-content\/uploads\/2024\/07\/esempio-foto-bassa-press-1024x626.jpg 1024w, https:\/\/cokaclub.it\/wp-content\/uploads\/2024\/07\/esempio-foto-bassa-press-300x183.jpg 300w, https:\/\/cokaclub.it\/wp-content\/uploads\/2024\/07\/esempio-foto-bassa-press-768x470.jpg 768w, https:\/\/cokaclub.it\/wp-content\/uploads\/2024\/07\/esempio-foto-bassa-press-1536x939.jpg 1536w, https:\/\/cokaclub.it\/wp-content\/uploads\/2024\/07\/esempio-foto-bassa-press.jpg 1707w\" sizes=\"(max-width: 1024px) 100vw, 1024px\" \/><\/figure>\n<\/div>\n<hr class=\"wp-block-separator alignfull has-text-color has-custom-rosa-color has-alpha-channel-opacity has-custom-rosa-background-color has-background is-style-default\" style=\"margin-top: 0; margin-bottom: 0;\" \/>\n<div class=\"wp-block-media-text alignfull is-stacked-on-mobile is-vertically-aligned-center is-image-fill-element has-custom-color-2-background-color has-background\" style=\"margin-top: 0; margin-bottom: 0;\">\n<figure class=\"wp-block-media-text__media\"><img decoding=\"async\" width=\"1024\" height=\"723\" class=\"wp-image-483 size-full\" style=\"object-position: 50% 50%;\" src=\"https:\/\/cokaclub.it\/wp-content\/uploads\/2024\/07\/foto-collagene.jpg\" alt=\"\" srcset=\"https:\/\/cokaclub.it\/wp-content\/uploads\/2024\/07\/foto-collagene.jpg 1024w, https:\/\/cokaclub.it\/wp-content\/uploads\/2024\/07\/foto-collagene-300x212.jpg 300w, https:\/\/cokaclub.it\/wp-content\/uploads\/2024\/07\/foto-collagene-768x542.jpg 768w\" sizes=\"(max-width: 1024px) 100vw, 1024px\" \/><\/figure>\n<div class=\"wp-block-media-text__content\">\n<h2 class=\"wp-block-heading has-text-align-center has-custom-blu-color has-text-color has-link-color wp-elements-bfa7f73b65364ba4efc14bd3b4f49030\">Collagene<\/h2>\n<hr class=\"wp-block-separator alignfull has-text-color has-custom-rosa-color has-alpha-channel-opacity has-custom-rosa-background-color has-background is-style-wide\" style=\"margin-top: 0; margin-bottom: 0;\" \/>\n<ul class=\"wp-block-list has-custom-blu-color has-text-color has-link-color wp-elements-2134fc17ca1713986726f45d737e512b\">\n<li>Abbronzatura che dona un tono pi\u00f9 dorato<\/li>\n\n<li>Colpisce la melanina pi\u00f9 in profondit\u00e0<\/li>\n\n<li>Ricca di vitamina D e collagene<\/li>\n<\/ul>\n<\/div>\n<\/div>\n<hr class=\"wp-block-separator alignfull has-text-color has-custom-rosa-color has-alpha-channel-opacity has-custom-rosa-background-color has-background is-style-default\" style=\"margin-top: 0; margin-bottom: 0;\" \/>\n<div class=\"wp-block-media-text alignfull has-media-on-the-right is-stacked-on-mobile is-vertically-aligned-center is-image-fill-element has-custom-color-2-background-color has-background\" style=\"margin-top: 0; margin-bottom: 0;\">\n<div class=\"wp-block-media-text__content\">\n<h2 class=\"wp-block-heading has-text-align-center is-style-default has-custom-blu-color has-text-color has-link-color wp-elements-83cab8e231125e074d7519a9049cb4dc\">LED<\/h2>\n<hr class=\"wp-block-separator alignfull has-text-color has-custom-rosa-color has-alpha-channel-opacity has-custom-rosa-background-color has-background is-style-wide\" style=\"margin-top: 0; margin-bottom: 0;\" \/>\n<ul class=\"wp-block-list has-custom-blu-color has-text-color has-link-color wp-elements-e2a6e10251d451cf8a85947bd5d83129\">\n<li>Immaginati la sensazione di prendere il sole in spiaggia alle 18 del pomeriggio<\/li>\n\n<li>Comfort massimo<\/li>\n\n<li>Calore ridotto<\/li>\n<\/ul>\n<\/div>\n<figure class=\"wp-block-media-text__media\"><img loading=\"lazy\" decoding=\"async\" width=\"1024\" height=\"635\" class=\"wp-image-485 size-full\" style=\"object-position: 45% 45%;\" src=\"https:\/\/cokaclub.it\/wp-content\/uploads\/2024\/07\/foto-led-1024x635.jpg\" alt=\"\" srcset=\"https:\/\/cokaclub.it\/wp-content\/uploads\/2024\/07\/foto-led-1024x635.jpg 1024w, https:\/\/cokaclub.it\/wp-content\/uploads\/2024\/07\/foto-led-300x186.jpg 300w, https:\/\/cokaclub.it\/wp-content\/uploads\/2024\/07\/foto-led-768x476.jpg 768w, https:\/\/cokaclub.it\/wp-content\/uploads\/2024\/07\/foto-led-1536x952.jpg 1536w, https:\/\/cokaclub.it\/wp-content\/uploads\/2024\/07\/foto-led-2048x1270.jpg 2048w\" sizes=\"(max-width: 1024px) 100vw, 1024px\" \/><\/figure>\n<\/div>\n<hr class=\"wp-block-separator alignfull has-text-color has-custom-rosa-color has-alpha-channel-opacity has-custom-rosa-background-color has-background is-style-default\" style=\"margin-top: 0; margin-bottom: 0;\" \/>\n<div class=\"wp-block-group alignwide has-global-padding is-layout-constrained wp-block-group-is-layout-constrained\">\n<h2 class=\"wp-block-heading alignwide has-text-align-center has-custom-color-2-color has-text-color has-link-color wp-elements-38c202a4dcd174acd55dde3a3765d3e1\">FAQ<\/h2>\n<details class=\"wp-block-details is-layout-flow wp-block-details-is-layout-flow\">\n<summary>Quanto tempo deve durare una seduta di abbronzatura?<\/summary>\n\n<p>Dipende dal colorito della pelle, le persone con un fototipo pi\u00f9 basso si esporranno per un tempo minori ai raggi per evitare arrossamento. In generale \u00e8 meglio distribuire in pi\u00f9 giorni le sedute per dare tempo alla pelle di stimolare la melanina e colorarsi gradualmente.<\/p>\n<\/details><details class=\"wp-block-details is-layout-flow wp-block-details-is-layout-flow\">\n<summary>Che percorso devo seguire per avere un\u2019abbronzatura perfetta?<\/summary>\n\n<p>Per ottenere il miglior risultato di abbronzatura, \u00e8 consigliabile curare la pelle 365 giorni l\u2019anno, anche attraverso l\u2019utilizzo di creme specifiche. Per prima cosa si fa uno scrub esfoliante, per eliminare le cellule morte che fungono da filtro naturale, poi si applica un cosmetico abbronzante che, oltre ad idratare la pelle, velocizza e stimola la produzione della melanina. Una volta applicato l\u2019attivatore per proteggere la pelle si utilizza una protezione con un SPF adeguato al fototipo. Le esposizioni devono sempre essere brevi e ravvicinate per potersi abbronzare senza incorrere in eritemi, e dopo \u00e8 opportuno idratare la pelle con una crema idratante.<\/p>\n<\/details><details class=\"wp-block-details is-layout-flow wp-block-details-is-layout-flow\">\n<summary>Quando \u00e8 sconsigliato sottoporsi ad una seduta di abbronzatura?<\/summary>\n\n<p>Quando la pelle \u00e8 irritata o scottata da un\u2019esposizione precedente, quando si \u00e8 sotto cura con farmaci fotosensibili.<\/p>\n<\/details><details class=\"wp-block-details is-layout-flow wp-block-details-is-layout-flow\">\n<summary>Devo utilizzare una protezione sotto i solarium?<\/summary>\n\n<p>No, la protezione \u00e8 utile per proteggerci quando non siamo in grado di controllare il tempo di esposizione ai raggi UV, nel caso di un solarium \u00e8 consigliato, invece di applicare la protezione, calare il minutaggio. \u00c8 utile applicare la protezione solo in caso di un\u2019abbronzatura non uniforme, ad esempio sul segno del costume, perch\u00e9 chiaramente quella zona non sar\u00e0 in grado di esporsi alla stessa quantit\u00e0 di raggi UV del resto del corpo, oppure su tatuaggi appena fatti o cicatrici.<\/p>\n<\/details><details class=\"wp-block-details is-layout-flow wp-block-details-is-layout-flow\">\n<summary>I solarium sono pericolosi?<\/summary>\n\n<p>Le lampade, come il sole, trasmettono raggi UV. I raggi UV hanno sia controindicazioni, sia effetti benefici (sintesi vitamina D, cura psoriasi), le lampade comunque non sono pi\u00f9 pericolose del sole, al contrario, il fatto di controllare la durata dell\u2019esposizione permette di avere una maggiore consapevolezza e di abbronzarsi in maniera sicura e controllata.<\/p>\n<\/details><\/div>\n\n<div class=\"wp-block-spacer\" style=\"height: 50px;\" aria-hidden=\"true\">\u00a0<\/div>\n<hr class=\"wp-block-separator alignfull has-text-color has-custom-rosa-color has-alpha-channel-opacity has-custom-rosa-background-color has-background is-style-default\" style=\"margin-top: 0; margin-bottom: 0;\" \/>\n<div class=\"wp-block-spacer\" style=\"height: 50px;\" aria-hidden=\"true\">\u00a0<\/div>\n\n<h2 class=\"wp-block-heading has-text-align-center has-custom-color-2-color has-text-color has-link-color has-heading-font-family has-xx-large-font-size wp-elements-253b1dea00060935fbf163cd32fe5ad5\">La nostra storia<\/h2>\n\n<div class=\"wp-block-media-text alignfull has-media-on-the-right is-stacked-on-mobile\" style=\"grid-template-columns: auto 49%;\">\n<div class=\"wp-block-media-text__content\">\n<p>Coka Club nasce nel 1998. La sua principale missione \u00e8 da sempre quella di soddisfare i bisogni del cliente e adattarsi a ogni tipo di pelle ed esigenza.<br \/>Predilige da sempre l\u2019utilizzo di macchinari sofisticati, di ultima generazione e antiage<\/p>\n<\/div>\n<figure class=\"wp-block-media-text__media\"><img loading=\"lazy\" decoding=\"async\" width=\"724\" height=\"1024\" class=\"wp-image-487 size-full\" src=\"https:\/\/cokaclub.it\/wp-content\/uploads\/2024\/07\/nuova-linea-tempo-724x1024.png\" alt=\"\" srcset=\"https:\/\/cokaclub.it\/wp-content\/uploads\/2024\/07\/nuova-linea-tempo-724x1024.png 724w, https:\/\/cokaclub.it\/wp-content\/uploads\/2024\/07\/nuova-linea-tempo-212x300.png 212w, https:\/\/cokaclub.it\/wp-content\/uploads\/2024\/07\/nuova-linea-tempo-768x1086.png 768w, https:\/\/cokaclub.it\/wp-content\/uploads\/2024\/07\/nuova-linea-tempo-1086x1536.png 1086w, https:\/\/cokaclub.it\/wp-content\/uploads\/2024\/07\/nuova-linea-tempo.png 1414w\" sizes=\"(max-width: 724px) 100vw, 724px\" \/><\/figure>\n<\/div>\n\n<div class=\"wp-block-spacer\" style=\"height: 50px;\" aria-hidden=\"true\">\u00a0<\/div>\n<hr class=\"wp-block-separator alignfull has-text-color has-custom-rosa-color has-alpha-channel-opacity has-custom-rosa-background-color has-background is-style-default\" style=\"margin-top: 0; margin-bottom: 0;\" \/>\n<div class=\"wp-block-group alignfull has-global-padding is-layout-constrained wp-block-group-is-layout-constrained\" style=\"margin-top: 0; margin-bottom: 0;\">\n<h2 class=\"wp-block-heading alignfull has-text-align-center has-custom-blu-color has-custom-color-2-background-color has-text-color has-background has-link-color has-heading-font-family wp-elements-feeda51377210a8803cb3d8641a9b4f1\" style=\"margin-top: 0; margin-bottom: 0; padding-top: var(--wp--preset--spacing--10); padding-bottom: var(--wp--preset--spacing--10);\">Contattaci<\/h2>\n\n<div class=\"wp-block-columns alignfull has-custom-color-2-background-color has-background is-layout-flex wp-container-core-columns-is-layout-4 wp-block-columns-is-layout-flex\" style=\"margin-top: 0; margin-bottom: 0;\">\n<div class=\"wp-block-column is-vertically-aligned-center has-link-color wp-elements-b966c5834b184413083ab4f53251067e is-layout-flow wp-block-column-is-layout-flow\" style=\"flex-basis: 50%;\">\n<div class=\"wp-block-columns is-layout-flex wp-container-core-columns-is-layout-3 wp-block-columns-is-layout-flex\">\n<div class=\"wp-block-column is-layout-flow wp-block-column-is-layout-flow\" style=\"flex-basis: 100%;\">\n<figure class=\"wp-block-table is-style-stripes\">\n<table class=\"has-custom-blu-color has-custom-color-2-background-color has-text-color has-background has-link-color has-fixed-layout\">\n<tbody>\n<tr>\n<td><strong>Orario <\/strong><\/td>\n<td>lun 10-21<br \/>mar 09-21<br \/>mer 09-21<br \/>giov 09-21<br \/>ven 09-21<br \/>sab 09-20:30<br \/>dom 09:00-13:30<\/td>\n<\/tr>\n<tr>\n<td><strong>Indirizzo<\/strong><\/td>\n<td><a href=\"https:\/\/maps.app.goo.gl\/Js43198r3jRHcBLE8\" data-type=\"link\" data-id=\"https:\/\/maps.app.goo.gl\/Js43198r3jRHcBLE8\">Viale Antonio Gramsci, 41, 41037 Mirandola MO<\/a><\/td>\n<\/tr>\n<tr>\n<td><strong>Telefono<\/strong><\/td>\n<td><a href=\"tel:053527027\">053527027<\/a><\/td>\n<\/tr>\n<tr>\n<td><strong>Email<\/strong><\/td>\n<td><a href=\"mailto:giannigasparini@live.it\">giannigasparini@live.it<\/a><\/td>\n<\/tr>\n<\/tbody>\n<\/table>\n<\/figure>\n<\/div>\n<\/div>\n<\/div>\n\n<div class=\"wp-block-column is-vertically-aligned-center is-layout-flow wp-block-column-is-layout-flow\" style=\"flex-basis: 50%;\"> <style>\n  .google-maps {\n    position: relative;\n    padding-bottom: 75%; \/\/ This is the aspect ratio\n    height: 0;\n    overflow: hidden;\n  }\n  .google-maps iframe {\n    position: absolute;\n    top: 0;\n    left: 0;\n    width: 100% !important;\n    height: 100% !important;\n  }\n<\/style>\n<div class=\"google-maps\"><iframe style=\"border: 0;\" src=\"https:\/\/www.google.com\/maps\/embed?pb=!1m18!1m12!1m3!1d2826.526766350904!2d11.069709499999998!3d44.89227869999999!2m3!1f0!2f0!3f0!3m2!1i1024!2i768!4f13.1!3m3!1m2!1s0x477f97dc0b456e1b%3A0x9e58072af7a47f8e!2sCOKA%20CLUB%20Mirandola!5e0!3m2!1sit!2sit!4v1713275555987!5m2!1sit!2sit\" width=\"400\" height=\"300\" allowfullscreen=\"allowfullscreen\"><\/iframe><\/div>\n<\/div>\n<\/div>\n<\/div>\n\t\t\t\t\t\t\t\t<\/div>\n\t\t\t\t<\/div>\n\t\t\t\t\t<\/div>\n\t\t\t\t<\/div>\n\t\t\t\t<\/div>\n\t\t","protected":false},"excerpt":{"rendered":"<p>FAQ La nostra storia Coka Club nasce nel 1998. La sua principale missione \u00e8 da sempre quella di soddisfare i bisogni del cliente e adattarsi a ogni tipo di pelle ed esigenza.Predilige da sempre l\u2019utilizzo di macchinari sofisticati, di ultima generazione e antiage Contattaci Orario lun 10-21mar 09-21mer 09-21giov 09-21ven 09-21sab 09-20:30dom 09:00-13:30 Indirizzo Viale [&hellip;]<\/p>\n","protected":false},"author":1,"featured_media":0,"parent":0,"menu_order":0,"comment_status":"closed","ping_status":"closed","template":"page-no-title","meta":{"footnotes":""},"class_list":["post-240","page","type-page","status-publish","hentry"],"_links":{"self":[{"href":"https:\/\/cokaclub.it\/index.php?rest_route=\/wp\/v2\/pages\/240","targetHints":{"allow":["GET"]}}],"collection":[{"href":"https:\/\/cokaclub.it\/index.php?rest_route=\/wp\/v2\/pages"}],"about":[{"href":"https:\/\/cokaclub.it\/index.php?rest_route=\/wp\/v2\/types\/page"}],"author":[{"embeddable":true,"href":"https:\/\/cokaclub.it\/index.php?rest_route=\/wp\/v2\/users\/1"}],"replies":[{"embeddable":true,"href":"https:\/\/cokaclub.it\/index.php?rest_route=%2Fwp%2Fv2%2Fcomments&post=240"}],"version-history":[{"count":153,"href":"https:\/\/cokaclub.it\/index.php?rest_route=\/wp\/v2\/pages\/240\/revisions"}],"predecessor-version":[{"id":630,"href":"https:\/\/cokaclub.it\/index.php?rest_route=\/wp\/v2\/pages\/240\/revisions\/630"}],"wp:attachment":[{"href":"https:\/\/cokaclub.it\/index.php?rest_route=%2Fwp%2Fv2%2Fmedia&parent=240"}],"curies":[{"name":"wp","href":"https:\/\/api.w.org\/{rel}","templated":true}]}}